{"id":1088,"date":"2022-04-20T16:31:24","date_gmt":"2022-04-20T21:31:24","guid":{"rendered":"https:\/\/novaquimica.pe\/?page_id=1088"},"modified":"2023-10-03T16:54:56","modified_gmt":"2023-10-03T21:54:56","slug":"videoteca","status":"publish","type":"page","link":"https:\/\/novaquimica.pe\/en\/videoteca\/","title":{"rendered":"Video Library"},"content":{"rendered":"<div data-elementor-type=\"wp-page\" data-elementor-id=\"1088\" class=\"elementor elementor-1088\" data-elementor-post-type=\"page\">\n\t\t\t\t\t\t<section class=\"elementor-section elementor-top-section elementor-element elementor-element-063f820 elementor-section-height-min-height elementor-section-boxed elementor-section-height-default elementor-section-items-middle\" data-id=\"063f820\" data-element_type=\"section\" data-e-type=\"section\" data-settings=\"{&quot;jet_parallax_layout_list&quot;:[],&quot;background_background&quot;:&quot;classic&quot;}\">\n\t\t\t\t\t\t<div class=\"elementor-container elementor-column-gap-default\">\n\t\t\t\t\t<div class=\"elementor-column elementor-col-100 elementor-top-column elementor-element elementor-element-10d912a\" data-id=\"10d912a\" data-element_type=\"column\" data-e-type=\"column\">\n\t\t\t<div class=\"elementor-widget-wrap elementor-element-populated\">\n\t\t\t\t\t\t<div class=\"elementor-element elementor-element-47120ea elementor-icon-list--layout-inline elementor-list-item-link-full_width elementor-widget elementor-widget-icon-list\" data-id=\"47120ea\" data-element_type=\"widget\" data-e-type=\"widget\" data-widget_type=\"icon-list.default\">\n\t\t\t\t<div class=\"elementor-widget-container\">\n\t\t\t\t\t\t\t<ul class=\"elementor-icon-list-items elementor-inline-items\">\n\t\t\t\t\t\t\t<li class=\"elementor-icon-list-item elementor-inline-item\">\n\t\t\t\t\t\t\t\t\t\t\t<a href=\"https:\/\/novaquimica.pe\/en\">\n\n\t\t\t\t\t\t\t\t\t\t\t<span class=\"elementor-icon-list-text\">Home<\/span>\n\t\t\t\t\t\t\t\t\t\t\t<\/a>\n\t\t\t\t\t\t\t\t\t<\/li>\n\t\t\t\t\t\t\t\t<li class=\"elementor-icon-list-item elementor-inline-item\">\n\t\t\t\t\t\t\t\t\t\t\t<span class=\"elementor-icon-list-icon\">\n\t\t\t\t\t\t\t<i aria-hidden=\"true\" class=\"fas fa-chevron-right\"><\/i>\t\t\t\t\t\t<\/span>\n\t\t\t\t\t\t\t\t\t\t<span class=\"elementor-icon-list-text\">Video Library<\/span>\n\t\t\t\t\t\t\t\t\t<\/li>\n\t\t\t\t\t\t<\/ul>\n\t\t\t\t\t\t<\/div>\n\t\t\t\t<\/div>\n\t\t\t\t<div class=\"elementor-element elementor-element-680f247 elementor-widget elementor-widget-heading\" data-id=\"680f247\" data-element_type=\"widget\" data-e-type=\"widget\" data-widget_type=\"heading.default\">\n\t\t\t\t<div class=\"elementor-widget-container\">\n\t\t\t\t\t<h1 class=\"elementor-heading-title elementor-size-default\">Video Library Novaqu\u00edmica<\/h1>\t\t\t\t<\/div>\n\t\t\t\t<\/div>\n\t\t\t\t\t<\/div>\n\t\t<\/div>\n\t\t\t\t\t<\/div>\n\t\t<\/section>\n\t\t\t\t<section class=\"elementor-section elementor-top-section elementor-element elementor-element-fa2e6a1 elementor-section-boxed elementor-section-height-default elementor-section-height-default\" data-id=\"fa2e6a1\" data-element_type=\"section\" data-e-type=\"section\" data-settings=\"{&quot;jet_parallax_layout_list&quot;:[]}\">\n\t\t\t\t\t\t<div class=\"elementor-container elementor-column-gap-default\">\n\t\t\t\t\t<div class=\"elementor-column elementor-col-100 elementor-top-column elementor-element elementor-element-cc5fd86\" data-id=\"cc5fd86\" data-element_type=\"column\" data-e-type=\"column\">\n\t\t\t<div class=\"elementor-widget-wrap elementor-element-populated\">\n\t\t\t\t\t\t<div class=\"elementor-element elementor-element-1ac5933 elementor-widget elementor-widget-heading\" data-id=\"1ac5933\" data-element_type=\"widget\" data-e-type=\"widget\" data-widget_type=\"heading.default\">\n\t\t\t\t<div class=\"elementor-widget-container\">\n\t\t\t\t\t<h2 class=\"elementor-heading-title elementor-size-default\">Video Library<\/h2>\t\t\t\t<\/div>\n\t\t\t\t<\/div>\n\t\t\t\t<div class=\"elementor-element elementor-element-c6cc36d elementor-widget elementor-widget-heading\" data-id=\"c6cc36d\" data-element_type=\"widget\" data-e-type=\"widget\" data-widget_type=\"heading.default\">\n\t\t\t\t<div class=\"elementor-widget-container\">\n\t\t\t\t\t<h2 class=\"elementor-heading-title elementor-size-default\">Learn with Novaqu\u00edmica<\/h2>\t\t\t\t<\/div>\n\t\t\t\t<\/div>\n\t\t\t\t<div class=\"elementor-element elementor-element-cc00e83 elementor-widget elementor-widget-text-editor\" data-id=\"cc00e83\" data-element_type=\"widget\" data-e-type=\"widget\" data-widget_type=\"text-editor.default\">\n\t\t\t\t<div class=\"elementor-widget-container\">\n\t\t\t\t\t\t\t\t\t<p>In this section you can find video material with training and complementary information about our products. At Novaqu\u00edmica we not only create solutions, but we also want to bring the best of the world closer to your lives.<\/p>\t\t\t\t\t\t\t\t<\/div>\n\t\t\t\t<\/div>\n\t\t\t\t<section class=\"elementor-section elementor-inner-section elementor-element elementor-element-b7231d3 elementor-section-boxed elementor-section-height-default elementor-section-height-default\" data-id=\"b7231d3\" data-element_type=\"section\" data-e-type=\"section\" data-settings=\"{&quot;jet_parallax_layout_list&quot;:[]}\">\n\t\t\t\t\t\t<div class=\"elementor-container elementor-column-gap-default\">\n\t\t\t\t\t<div class=\"elementor-column elementor-col-50 elementor-inner-column elementor-element elementor-element-c14d617\" data-id=\"c14d617\" data-element_type=\"column\" data-e-type=\"column\">\n\t\t\t<div class=\"elementor-widget-wrap elementor-element-populated\">\n\t\t\t\t\t\t<div class=\"elementor-element elementor-element-181862a elementor-widget elementor-widget-video\" data-id=\"181862a\" data-element_type=\"widget\" data-e-type=\"widget\" data-settings=\"{&quot;youtube_url&quot;:&quot;https:\\\/\\\/youtu.be\\\/OApm2DyuVLQ&quot;,&quot;video_type&quot;:&quot;youtube&quot;,&quot;controls&quot;:&quot;yes&quot;}\" data-widget_type=\"video.default\">\n\t\t\t\t<div class=\"elementor-widget-container\">\n\t\t\t\t\t\t\t<div class=\"elementor-wrapper elementor-open-inline\">\n\t\t\t<div class=\"elementor-video\"><\/div>\t\t<\/div>\n\t\t\t\t\t\t<\/div>\n\t\t\t\t<\/div>\n\t\t\t\t\t<\/div>\n\t\t<\/div>\n\t\t\t\t<div class=\"elementor-column elementor-col-50 elementor-inner-column elementor-element elementor-element-01aaa6f\" data-id=\"01aaa6f\" data-element_type=\"column\" data-e-type=\"column\">\n\t\t\t<div class=\"elementor-widget-wrap elementor-element-populated\">\n\t\t\t\t\t\t<div class=\"elementor-element elementor-element-e2e2857 elementor-widget elementor-widget-video\" data-id=\"e2e2857\" data-element_type=\"widget\" data-e-type=\"widget\" data-settings=\"{&quot;youtube_url&quot;:&quot;https:\\\/\\\/youtube.com\\\/watch?v=c55o8vv6MXM&quot;,&quot;video_type&quot;:&quot;youtube&quot;,&quot;controls&quot;:&quot;yes&quot;}\" data-widget_type=\"video.default\">\n\t\t\t\t<div class=\"elementor-widget-container\">\n\t\t\t\t\t\t\t<div class=\"elementor-wrapper elementor-open-inline\">\n\t\t\t<div class=\"elementor-video\"><\/div>\t\t<\/div>\n\t\t\t\t\t\t<\/div>\n\t\t\t\t<\/div>\n\t\t\t\t\t<\/div>\n\t\t<\/div>\n\t\t\t\t\t<\/div>\n\t\t<\/section>\n\t\t\t\t\t<\/div>\n\t\t<\/div>\n\t\t\t\t\t<\/div>\n\t\t<\/section>\n\t\t\t\t<\/div>","protected":false},"excerpt":{"rendered":"<p>Inicio Videoteca Novaqu\u00edmica Videoteca Aprende con Novaqu\u00edmica En esta secci\u00f3n podr\u00e1n encontrar material videogr\u00e1fico con informaci\u00f3n formativa y complementaria de nuestros productos. En Novaqu\u00edmica no solo creamos soluciones, sino tambi\u00e9n queremos acercar lo mejor del mundo con sus vidas. https:\/\/youtu.be\/OApm2DyuVLQhttps:\/\/youtube.com\/watch?v=c55o8vv6MXM<\/p>","protected":false},"author":1,"featured_media":0,"parent":0,"menu_order":0,"comment_status":"closed","ping_status":"closed","template":"","meta":{"footnotes":""},"class_list":["post-1088","page","type-page","status-publish","hentry"],"yoast_head":"<!-- This site is optimized with the Yoast SEO plugin v27.2 - https:\/\/yoast.com\/product\/yoast-seo-wordpress\/ -->\n<title>Videoteca - Novaquimica<\/title>\n<meta name=\"robots\" content=\"index, follow, max-snippet:-1, max-image-preview:large, max-video-preview:-1\" \/>\n<link rel=\"canonical\" href=\"https:\/\/novaquimica.pe\/en\/videoteca\/\" \/>\n<meta property=\"og:locale\" content=\"en_US\" \/>\n<meta property=\"og:type\" content=\"article\" \/>\n<meta property=\"og:title\" content=\"Videoteca - Novaquimica\" \/>\n<meta property=\"og:description\" content=\"Inicio Videoteca Novaqu\u00edmica Videoteca Aprende con Novaqu\u00edmica En esta secci\u00f3n podr\u00e1n encontrar material videogr\u00e1fico con informaci\u00f3n formativa y complementaria de nuestros productos. En Novaqu\u00edmica no solo creamos soluciones, sino tambi\u00e9n queremos acercar lo mejor del mundo con sus vidas. https:\/\/youtu.be\/OApm2DyuVLQhttps:\/\/youtube.com\/watch?v=c55o8vv6MXM\" \/>\n<meta property=\"og:url\" content=\"https:\/\/novaquimica.pe\/en\/videoteca\/\" \/>\n<meta property=\"og:site_name\" content=\"Novaquimica\" \/>\n<meta property=\"article:modified_time\" content=\"2023-10-03T21:54:56+00:00\" \/>\n<meta name=\"twitter:card\" content=\"summary_large_image\" \/>\n<meta name=\"twitter:label1\" content=\"Est. reading time\" \/>\n\t<meta name=\"twitter:data1\" content=\"1 minute\" \/>\n<script type=\"application\/ld+json\" class=\"yoast-schema-graph\">{\"@context\":\"https:\/\/schema.org\",\"@graph\":[{\"@type\":\"WebPage\",\"@id\":\"https:\/\/novaquimica.pe\/videoteca\/\",\"url\":\"https:\/\/novaquimica.pe\/videoteca\/\",\"name\":\"Videoteca - Novaquimica\",\"isPartOf\":{\"@id\":\"https:\/\/novaquimica.pe\/#website\"},\"datePublished\":\"2022-04-20T21:31:24+00:00\",\"dateModified\":\"2023-10-03T21:54:56+00:00\",\"breadcrumb\":{\"@id\":\"https:\/\/novaquimica.pe\/videoteca\/#breadcrumb\"},\"inLanguage\":\"en-US\",\"potentialAction\":[{\"@type\":\"ReadAction\",\"target\":[\"https:\/\/novaquimica.pe\/videoteca\/\"]}]},{\"@type\":\"BreadcrumbList\",\"@id\":\"https:\/\/novaquimica.pe\/videoteca\/#breadcrumb\",\"itemListElement\":[{\"@type\":\"ListItem\",\"position\":1,\"name\":\"Portada\",\"item\":\"https:\/\/novaquimica.pe\/\"},{\"@type\":\"ListItem\",\"position\":2,\"name\":\"Videoteca\"}]},{\"@type\":\"WebSite\",\"@id\":\"https:\/\/novaquimica.pe\/#website\",\"url\":\"https:\/\/novaquimica.pe\/\",\"name\":\"Novaquimica\",\"description\":\"Compromiso y Experiencia\",\"potentialAction\":[{\"@type\":\"SearchAction\",\"target\":{\"@type\":\"EntryPoint\",\"urlTemplate\":\"https:\/\/novaquimica.pe\/?s={search_term_string}\"},\"query-input\":{\"@type\":\"PropertyValueSpecification\",\"valueRequired\":true,\"valueName\":\"search_term_string\"}}],\"inLanguage\":\"en-US\"}]}<\/script>\n<!-- \/ Yoast SEO plugin. -->","yoast_head_json":{"title":"Videoteca - Novaquimica","robots":{"index":"index","follow":"follow","max-snippet":"max-snippet:-1","max-image-preview":"max-image-preview:large","max-video-preview":"max-video-preview:-1"},"canonical":"https:\/\/novaquimica.pe\/en\/videoteca\/","og_locale":"en_US","og_type":"article","og_title":"Videoteca - Novaquimica","og_description":"Inicio Videoteca Novaqu\u00edmica Videoteca Aprende con Novaqu\u00edmica En esta secci\u00f3n podr\u00e1n encontrar material videogr\u00e1fico con informaci\u00f3n formativa y complementaria de nuestros productos. En Novaqu\u00edmica no solo creamos soluciones, sino tambi\u00e9n queremos acercar lo mejor del mundo con sus vidas. https:\/\/youtu.be\/OApm2DyuVLQhttps:\/\/youtube.com\/watch?v=c55o8vv6MXM","og_url":"https:\/\/novaquimica.pe\/en\/videoteca\/","og_site_name":"Novaquimica","article_modified_time":"2023-10-03T21:54:56+00:00","twitter_card":"summary_large_image","twitter_misc":{"Est. reading time":"1 minute"},"schema":{"@context":"https:\/\/schema.org","@graph":[{"@type":"WebPage","@id":"https:\/\/novaquimica.pe\/videoteca\/","url":"https:\/\/novaquimica.pe\/videoteca\/","name":"Videoteca - Novaquimica","isPartOf":{"@id":"https:\/\/novaquimica.pe\/#website"},"datePublished":"2022-04-20T21:31:24+00:00","dateModified":"2023-10-03T21:54:56+00:00","breadcrumb":{"@id":"https:\/\/novaquimica.pe\/videoteca\/#breadcrumb"},"inLanguage":"en-US","potentialAction":[{"@type":"ReadAction","target":["https:\/\/novaquimica.pe\/videoteca\/"]}]},{"@type":"BreadcrumbList","@id":"https:\/\/novaquimica.pe\/videoteca\/#breadcrumb","itemListElement":[{"@type":"ListItem","position":1,"name":"Portada","item":"https:\/\/novaquimica.pe\/"},{"@type":"ListItem","position":2,"name":"Videoteca"}]},{"@type":"WebSite","@id":"https:\/\/novaquimica.pe\/#website","url":"https:\/\/novaquimica.pe\/","name":"Novaquimica","description":"Compromiso y Experiencia","potentialAction":[{"@type":"SearchAction","target":{"@type":"EntryPoint","urlTemplate":"https:\/\/novaquimica.pe\/?s={search_term_string}"},"query-input":{"@type":"PropertyValueSpecification","valueRequired":true,"valueName":"search_term_string"}}],"inLanguage":"en-US"}]}},"_links":{"self":[{"href":"https:\/\/novaquimica.pe\/en\/wp-json\/wp\/v2\/pages\/1088","targetHints":{"allow":["GET"]}}],"collection":[{"href":"https:\/\/novaquimica.pe\/en\/wp-json\/wp\/v2\/pages"}],"about":[{"href":"https:\/\/novaquimica.pe\/en\/wp-json\/wp\/v2\/types\/page"}],"author":[{"embeddable":true,"href":"https:\/\/novaquimica.pe\/en\/wp-json\/wp\/v2\/users\/1"}],"replies":[{"embeddable":true,"href":"https:\/\/novaquimica.pe\/en\/wp-json\/wp\/v2\/comments?post=1088"}],"version-history":[{"count":0,"href":"https:\/\/novaquimica.pe\/en\/wp-json\/wp\/v2\/pages\/1088\/revisions"}],"wp:attachment":[{"href":"https:\/\/novaquimica.pe\/en\/wp-json\/wp\/v2\/media?parent=1088"}],"curies":[{"name":"wp","href":"https:\/\/api.w.org\/{rel}","templated":true}]}}