{"id":783,"date":"2022-04-19T10:31:20","date_gmt":"2022-04-19T15:31:20","guid":{"rendered":"https:\/\/novaquimica.pe\/?post_type=product&#038;p=783"},"modified":"2025-10-20T08:33:33","modified_gmt":"2025-10-20T13:33:33","slug":"pasta-azul-de-prusia","status":"publish","type":"product","link":"https:\/\/novaquimica.pe\/en\/product\/pasta-azul-de-prusia\/","title":{"rendered":"Pasta prussian blue"},"content":{"rendered":"<p id=\"u4936-2\">Pasta suave de color azul, no secante, compuesta de grasas, aditivos y pigmentos que, al aplicarse sobre superficies metalicas, se\u00f1alan como indicador \u00f3ptico las marcas a rectificar en relieve.<\/p>\n<p id=\"u4936-4\">Para uso en talleres de mec\u00e1nica, matricer\u00edas y rectificadoras en general.<\/p>\n<table width=\"281\">\n<tbody>\n<tr>\n<td style=\"text-align: center;\" width=\"96\"><strong>CONTENT<\/strong><\/td>\n<td style=\"text-align: center;\" width=\"105\"><strong>CONTAINER<\/strong><\/td>\n<td style=\"text-align: center;\" width=\"80\"><strong>UNIDADES POR CAJA<\/strong><\/td>\n<\/tr>\n<tr>\n<td style=\"text-align: center;\">18 gramos<\/td>\n<td style=\"text-align: center;\">Tubo de aluminio<\/td>\n<td style=\"text-align: center;\">24 tubos<\/td>\n<\/tr>\n<\/tbody>\n<\/table>","protected":false},"excerpt":{"rendered":"<p>Pasta suave de color azul, no secante, compuesta de grasas, aditivos y pigmentos que, al aplicarse sobre superficies metalicas, se\u00f1alan como indicador \u00f3ptico las marcas a rectificar en relieve. Para uso en talleres de mec\u00e1nica, matricer\u00edas y rectificadoras en general. CONTENIDO TIPO DE ENVASE UNIDADES POR CAJA 18 gramos Tubo de aluminio 24 tubos<\/p>","protected":false},"featured_media":1191,"comment_status":"closed","ping_status":"closed","template":"","meta":[],"product_brand":[],"product_cat":[37],"product_tag":[],"class_list":{"0":"post-783","1":"product","2":"type-product","3":"status-publish","4":"has-post-thumbnail","6":"product_cat-linea-industrial","8":"first","9":"instock","10":"shipping-taxable","11":"product-type-simple"},"yoast_head":"<!-- This site is optimized with the Yoast SEO plugin v27.2 - https:\/\/yoast.com\/product\/yoast-seo-wordpress\/ -->\n<title>Pasta azul de prusia - Novaquimica<\/title>\n<meta name=\"robots\" content=\"index, follow, max-snippet:-1, max-image-preview:large, max-video-preview:-1\" \/>\n<link rel=\"canonical\" href=\"https:\/\/novaquimica.pe\/en\/product\/pasta-azul-de-prusia\/\" \/>\n<meta property=\"og:locale\" content=\"en_US\" \/>\n<meta property=\"og:type\" content=\"article\" \/>\n<meta property=\"og:title\" content=\"Pasta azul de prusia - Novaquimica\" \/>\n<meta property=\"og:description\" content=\"Pasta suave de color azul, no secante, compuesta de grasas, aditivos y pigmentos que, al aplicarse sobre superficies metalicas, se\u00f1alan como indicador \u00f3ptico las marcas a rectificar en relieve. Para uso en talleres de mec\u00e1nica, matricer\u00edas y rectificadoras en general. CONTENIDO TIPO DE ENVASE UNIDADES POR CAJA 18 gramos Tubo de aluminio 24 tubos\" \/>\n<meta property=\"og:url\" content=\"https:\/\/novaquimica.pe\/en\/product\/pasta-azul-de-prusia\/\" \/>\n<meta property=\"og:site_name\" content=\"Novaquimica\" \/>\n<meta property=\"article:modified_time\" content=\"2025-10-20T13:33:33+00:00\" \/>\n<meta property=\"og:image\" content=\"http:\/\/novaquimica.pe\/wp-content\/uploads\/2022\/04\/pasta-azul.jpg\" \/>\n\t<meta property=\"og:image:width\" content=\"600\" \/>\n\t<meta property=\"og:image:height\" content=\"600\" \/>\n\t<meta property=\"og:image:type\" content=\"image\/jpeg\" \/>\n<meta name=\"twitter:card\" content=\"summary_large_image\" \/>\n<meta name=\"twitter:label1\" content=\"Est. reading time\" \/>\n\t<meta name=\"twitter:data1\" content=\"1 minute\" \/>\n<script type=\"application\/ld+json\" class=\"yoast-schema-graph\">{\"@context\":\"https:\/\/schema.org\",\"@graph\":[{\"@type\":\"WebPage\",\"@id\":\"https:\/\/novaquimica.pe\/producto\/pasta-azul-de-prusia\/\",\"url\":\"https:\/\/novaquimica.pe\/producto\/pasta-azul-de-prusia\/\",\"name\":\"Pasta azul de prusia - Novaquimica\",\"isPartOf\":{\"@id\":\"https:\/\/novaquimica.pe\/#website\"},\"primaryImageOfPage\":{\"@id\":\"https:\/\/novaquimica.pe\/producto\/pasta-azul-de-prusia\/#primaryimage\"},\"image\":{\"@id\":\"https:\/\/novaquimica.pe\/producto\/pasta-azul-de-prusia\/#primaryimage\"},\"thumbnailUrl\":\"https:\/\/novaquimica.pe\/wp-content\/uploads\/2022\/04\/pasta-azul.jpg\",\"datePublished\":\"2022-04-19T15:31:20+00:00\",\"dateModified\":\"2025-10-20T13:33:33+00:00\",\"breadcrumb\":{\"@id\":\"https:\/\/novaquimica.pe\/producto\/pasta-azul-de-prusia\/#breadcrumb\"},\"inLanguage\":\"en-US\",\"potentialAction\":[{\"@type\":\"ReadAction\",\"target\":[\"https:\/\/novaquimica.pe\/producto\/pasta-azul-de-prusia\/\"]}]},{\"@type\":\"ImageObject\",\"inLanguage\":\"en-US\",\"@id\":\"https:\/\/novaquimica.pe\/producto\/pasta-azul-de-prusia\/#primaryimage\",\"url\":\"https:\/\/novaquimica.pe\/wp-content\/uploads\/2022\/04\/pasta-azul.jpg\",\"contentUrl\":\"https:\/\/novaquimica.pe\/wp-content\/uploads\/2022\/04\/pasta-azul.jpg\",\"width\":600,\"height\":600},{\"@type\":\"BreadcrumbList\",\"@id\":\"https:\/\/novaquimica.pe\/producto\/pasta-azul-de-prusia\/#breadcrumb\",\"itemListElement\":[{\"@type\":\"ListItem\",\"position\":1,\"name\":\"Portada\",\"item\":\"https:\/\/novaquimica.pe\/\"},{\"@type\":\"ListItem\",\"position\":2,\"name\":\"Productos\",\"item\":\"https:\/\/novaquimica.pe\/productos\/\"},{\"@type\":\"ListItem\",\"position\":3,\"name\":\"Pasta azul de prusia\"}]},{\"@type\":\"WebSite\",\"@id\":\"https:\/\/novaquimica.pe\/#website\",\"url\":\"https:\/\/novaquimica.pe\/\",\"name\":\"Novaquimica\",\"description\":\"Compromiso y Experiencia\",\"potentialAction\":[{\"@type\":\"SearchAction\",\"target\":{\"@type\":\"EntryPoint\",\"urlTemplate\":\"https:\/\/novaquimica.pe\/?s={search_term_string}\"},\"query-input\":{\"@type\":\"PropertyValueSpecification\",\"valueRequired\":true,\"valueName\":\"search_term_string\"}}],\"inLanguage\":\"en-US\"}]}<\/script>\n<!-- \/ Yoast SEO plugin. -->","yoast_head_json":{"title":"Pasta azul de prusia - Novaquimica","robots":{"index":"index","follow":"follow","max-snippet":"max-snippet:-1","max-image-preview":"max-image-preview:large","max-video-preview":"max-video-preview:-1"},"canonical":"https:\/\/novaquimica.pe\/en\/product\/pasta-azul-de-prusia\/","og_locale":"en_US","og_type":"article","og_title":"Pasta azul de prusia - Novaquimica","og_description":"Pasta suave de color azul, no secante, compuesta de grasas, aditivos y pigmentos que, al aplicarse sobre superficies metalicas, se\u00f1alan como indicador \u00f3ptico las marcas a rectificar en relieve. Para uso en talleres de mec\u00e1nica, matricer\u00edas y rectificadoras en general. CONTENIDO TIPO DE ENVASE UNIDADES POR CAJA 18 gramos Tubo de aluminio 24 tubos","og_url":"https:\/\/novaquimica.pe\/en\/product\/pasta-azul-de-prusia\/","og_site_name":"Novaquimica","article_modified_time":"2025-10-20T13:33:33+00:00","og_image":[{"width":600,"height":600,"url":"http:\/\/novaquimica.pe\/wp-content\/uploads\/2022\/04\/pasta-azul.jpg","type":"image\/jpeg"}],"twitter_card":"summary_large_image","twitter_misc":{"Est. reading time":"1 minute"},"schema":{"@context":"https:\/\/schema.org","@graph":[{"@type":"WebPage","@id":"https:\/\/novaquimica.pe\/producto\/pasta-azul-de-prusia\/","url":"https:\/\/novaquimica.pe\/producto\/pasta-azul-de-prusia\/","name":"Pasta azul de prusia - Novaquimica","isPartOf":{"@id":"https:\/\/novaquimica.pe\/#website"},"primaryImageOfPage":{"@id":"https:\/\/novaquimica.pe\/producto\/pasta-azul-de-prusia\/#primaryimage"},"image":{"@id":"https:\/\/novaquimica.pe\/producto\/pasta-azul-de-prusia\/#primaryimage"},"thumbnailUrl":"https:\/\/novaquimica.pe\/wp-content\/uploads\/2022\/04\/pasta-azul.jpg","datePublished":"2022-04-19T15:31:20+00:00","dateModified":"2025-10-20T13:33:33+00:00","breadcrumb":{"@id":"https:\/\/novaquimica.pe\/producto\/pasta-azul-de-prusia\/#breadcrumb"},"inLanguage":"en-US","potentialAction":[{"@type":"ReadAction","target":["https:\/\/novaquimica.pe\/producto\/pasta-azul-de-prusia\/"]}]},{"@type":"ImageObject","inLanguage":"en-US","@id":"https:\/\/novaquimica.pe\/producto\/pasta-azul-de-prusia\/#primaryimage","url":"https:\/\/novaquimica.pe\/wp-content\/uploads\/2022\/04\/pasta-azul.jpg","contentUrl":"https:\/\/novaquimica.pe\/wp-content\/uploads\/2022\/04\/pasta-azul.jpg","width":600,"height":600},{"@type":"BreadcrumbList","@id":"https:\/\/novaquimica.pe\/producto\/pasta-azul-de-prusia\/#breadcrumb","itemListElement":[{"@type":"ListItem","position":1,"name":"Portada","item":"https:\/\/novaquimica.pe\/"},{"@type":"ListItem","position":2,"name":"Productos","item":"https:\/\/novaquimica.pe\/productos\/"},{"@type":"ListItem","position":3,"name":"Pasta azul de prusia"}]},{"@type":"WebSite","@id":"https:\/\/novaquimica.pe\/#website","url":"https:\/\/novaquimica.pe\/","name":"Novaquimica","description":"Compromiso y Experiencia","potentialAction":[{"@type":"SearchAction","target":{"@type":"EntryPoint","urlTemplate":"https:\/\/novaquimica.pe\/?s={search_term_string}"},"query-input":{"@type":"PropertyValueSpecification","valueRequired":true,"valueName":"search_term_string"}}],"inLanguage":"en-US"}]}},"_links":{"self":[{"href":"https:\/\/novaquimica.pe\/en\/wp-json\/wp\/v2\/product\/783","targetHints":{"allow":["GET"]}}],"collection":[{"href":"https:\/\/novaquimica.pe\/en\/wp-json\/wp\/v2\/product"}],"about":[{"href":"https:\/\/novaquimica.pe\/en\/wp-json\/wp\/v2\/types\/product"}],"replies":[{"embeddable":true,"href":"https:\/\/novaquimica.pe\/en\/wp-json\/wp\/v2\/comments?post=783"}],"wp:featuredmedia":[{"embeddable":true,"href":"https:\/\/novaquimica.pe\/en\/wp-json\/wp\/v2\/media\/1191"}],"wp:attachment":[{"href":"https:\/\/novaquimica.pe\/en\/wp-json\/wp\/v2\/media?parent=783"}],"wp:term":[{"taxonomy":"product_brand","embeddable":true,"href":"https:\/\/novaquimica.pe\/en\/wp-json\/wp\/v2\/product_brand?post=783"},{"taxonomy":"product_cat","embeddable":true,"href":"https:\/\/novaquimica.pe\/en\/wp-json\/wp\/v2\/product_cat?post=783"},{"taxonomy":"product_tag","embeddable":true,"href":"https:\/\/novaquimica.pe\/en\/wp-json\/wp\/v2\/product_tag?post=783"}],"curies":[{"name":"wp","href":"https:\/\/api.w.org\/{rel}","templated":true}]}}